{"id":17,"date":"2023-07-24T08:41:49","date_gmt":"2023-07-24T08:41:49","guid":{"rendered":"https:\/\/www.anplagd.de\/?page_id=17"},"modified":"2026-05-06T15:02:53","modified_gmt":"2026-05-06T15:02:53","slug":"anplagd-termine","status":"publish","type":"page","link":"https:\/\/www.anplagd.de\/index.php\/anplagd-termine\/","title":{"rendered":"Termine"},"content":{"rendered":"\n<figure class=\"wp-block-table is-style-stripes\">\n<table style=\"border-width:7px\">\n<thead>\n<tr>\n<th><strong>Datum<\/strong><\/th>\n<th><strong>Venue \/ Event<\/strong><\/th>\n<th><strong>Ort<\/strong><\/th>\n<\/tr>\n<\/thead>\n<tbody>\n<tr><td>25.04.<\/td><td>Musikantenbuckel<\/td><td>Freinsheim<\/td><\/tr>\n<tr><td>01.05.<\/td><td>Saisoner\u00f6ffnung Musikantenbuckel<\/td><td>Freinsheim<\/td><\/tr>\n<tr><td>31.05.<\/td><td>Burg Rheingrafenstein<\/td><td>Bad Kreuznach<\/td><\/tr>\n<tr><td>05.06.<\/td><td>Strohhutfest<\/td><td>Frankenthal<\/td><\/tr>\n<tr><td>06.06.<\/td><td>Privat<\/td><td><\/td><\/tr>\n<tr><td>13.06.<\/td><td>Kulturhalle<\/td><td>Volxheim<\/td><\/tr>\n<tr><td>18.06.<\/td><td>Privat<\/td><td><\/td><\/tr>\n<tr><td>20.06.<\/td><td>1255 Jahr-Feier<\/td><td>Quirnheim<\/td><\/tr>\n<tr><td>10.07.<\/td><td>Weingut Ben\u00df<\/td><td>Bockenheim<\/td><\/tr>\n<tr><td>15.08.<\/td><td>Sommerfest<\/td><td>Hayn S\u00fcd-Harz<\/td><\/tr>\n<tr><td>05.09.<\/td><td>Kerwe<\/td><td>Lorsch<\/td><\/tr>\n<tr><td>11.09.<\/td><td>Weingut Weegm\u00fcller<\/td><td>Neustadt-Haardt<\/td><\/tr>\n<tr><td>12.09.<\/td><td>Kerwe<\/td><td>Lampertheim<\/td><\/tr>\n<tr><td>13.09.<\/td><td>Kerwe<\/td><td>Lampertheim<\/td><\/tr>\n<tr><td>04.10.<\/td><td>Kerwe<\/td><td>Quirnheim<\/td><\/tr>\n<tr><td>16.10.<\/td><td>Weingut Griebel<\/td><td>Bockenheim<\/td><\/tr>\n<tr><td>25.10.<\/td><td>Weinlongue<\/td><td>Neustadt-K\u00f6nigsbach<\/td><\/tr>\n<\/tbody>\n<\/table>\n<\/figure>\n\n\n\n<p><\/p>\n","protected":false},"excerpt":{"rendered":"<p>Datum Venue \/ Event Ort 25.04. Musikantenbuckel Freinsheim 01.05. Saisoner\u00f6ffnung Musikantenbuckel Freinsheim 31.05. Burg Rheingrafenstein Bad Kreuznach 05.06. Strohhutfest Frankenthal 06.06. Privat 13.06. Kulturhalle Volxheim 18.06. Privat 20.06. 1255 Jahr-Feier Quirnheim 10.07. Weingut Ben\u00df Bockenheim 15.08. Sommerfest Hayn S\u00fcd-Harz 05.09. Kerwe Lorsch 11.09. Weingut Weegm\u00fcller Neustadt-Haardt 12.09. Kerwe Lampertheim 13.09. Kerwe Lampertheim 04.10. Kerwe Quirnheim [&hellip;]<\/p>\n","protected":false},"author":1,"featured_media":0,"parent":0,"menu_order":0,"comment_status":"closed","ping_status":"closed","template":"","meta":{"footnotes":""},"class_list":["post-17","page","type-page","status-publish","hentry"],"yoast_head":"<!-- This site is optimized with the Yoast SEO plugin v27.5 - https:\/\/yoast.com\/product\/yoast-seo-wordpress\/ -->\n<title>Termine - anplagd<\/title>\n<meta name=\"robots\" content=\"index, follow, max-snippet:-1, max-image-preview:large, max-video-preview:-1\" \/>\n<link rel=\"canonical\" href=\"https:\/\/www.anplagd.de\/index.php\/anplagd-termine\/\" \/>\n<meta property=\"og:locale\" content=\"de_DE\" \/>\n<meta property=\"og:type\" content=\"article\" \/>\n<meta property=\"og:title\" content=\"Termine - anplagd\" \/>\n<meta property=\"og:description\" content=\"Datum Venue \/ Event Ort 25.04. Musikantenbuckel Freinsheim 01.05. Saisoner\u00f6ffnung Musikantenbuckel Freinsheim 31.05. Burg Rheingrafenstein Bad Kreuznach 05.06. Strohhutfest Frankenthal 06.06. Privat 13.06. Kulturhalle Volxheim 18.06. Privat 20.06. 1255 Jahr-Feier Quirnheim 10.07. Weingut Ben\u00df Bockenheim 15.08. Sommerfest Hayn S\u00fcd-Harz 05.09. Kerwe Lorsch 11.09. Weingut Weegm\u00fcller Neustadt-Haardt 12.09. Kerwe Lampertheim 13.09. Kerwe Lampertheim 04.10. Kerwe Quirnheim [&hellip;]\" \/>\n<meta property=\"og:url\" content=\"https:\/\/www.anplagd.de\/index.php\/anplagd-termine\/\" \/>\n<meta property=\"og:site_name\" content=\"anplagd\" \/>\n<meta property=\"article:modified_time\" content=\"2026-05-06T15:02:53+00:00\" \/>\n<meta name=\"twitter:card\" content=\"summary_large_image\" \/>\n<meta name=\"twitter:label1\" content=\"Gesch\u00e4tzte Lesezeit\" \/>\n\t<meta name=\"twitter:data1\" content=\"1\u00a0Minute\" \/>\n<script type=\"application\/ld+json\" class=\"yoast-schema-graph\">{\"@context\":\"https:\\\/\\\/schema.org\",\"@graph\":[{\"@type\":\"WebPage\",\"@id\":\"https:\\\/\\\/www.anplagd.de\\\/index.php\\\/anplagd-termine\\\/\",\"url\":\"https:\\\/\\\/www.anplagd.de\\\/index.php\\\/anplagd-termine\\\/\",\"name\":\"Termine - anplagd\",\"isPartOf\":{\"@id\":\"https:\\\/\\\/www.anplagd.de\\\/#website\"},\"datePublished\":\"2023-07-24T08:41:49+00:00\",\"dateModified\":\"2026-05-06T15:02:53+00:00\",\"breadcrumb\":{\"@id\":\"https:\\\/\\\/www.anplagd.de\\\/index.php\\\/anplagd-termine\\\/#breadcrumb\"},\"inLanguage\":\"de\",\"potentialAction\":[{\"@type\":\"ReadAction\",\"target\":[\"https:\\\/\\\/www.anplagd.de\\\/index.php\\\/anplagd-termine\\\/\"]}]},{\"@type\":\"BreadcrumbList\",\"@id\":\"https:\\\/\\\/www.anplagd.de\\\/index.php\\\/anplagd-termine\\\/#breadcrumb\",\"itemListElement\":[{\"@type\":\"ListItem\",\"position\":1,\"name\":\"Startseite\",\"item\":\"https:\\\/\\\/www.anplagd.de\\\/\"},{\"@type\":\"ListItem\",\"position\":2,\"name\":\"Termine\"}]},{\"@type\":\"WebSite\",\"@id\":\"https:\\\/\\\/www.anplagd.de\\\/#website\",\"url\":\"https:\\\/\\\/www.anplagd.de\\\/\",\"name\":\"anplagd\",\"description\":\"live und gnadenlos\",\"publisher\":{\"@id\":\"https:\\\/\\\/www.anplagd.de\\\/#organization\"},\"potentialAction\":[{\"@type\":\"SearchAction\",\"target\":{\"@type\":\"EntryPoint\",\"urlTemplate\":\"https:\\\/\\\/www.anplagd.de\\\/?s={search_term_string}\"},\"query-input\":{\"@type\":\"PropertyValueSpecification\",\"valueRequired\":true,\"valueName\":\"search_term_string\"}}],\"inLanguage\":\"de\"},{\"@type\":\"Organization\",\"@id\":\"https:\\\/\\\/www.anplagd.de\\\/#organization\",\"name\":\"anplagd\",\"url\":\"https:\\\/\\\/www.anplagd.de\\\/\",\"logo\":{\"@type\":\"ImageObject\",\"inLanguage\":\"de\",\"@id\":\"https:\\\/\\\/www.anplagd.de\\\/#\\\/schema\\\/logo\\\/image\\\/\",\"url\":\"https:\\\/\\\/www.anplagd.de\\\/wp-content\\\/uploads\\\/2022\\\/11\\\/anplagd-logo.png\",\"contentUrl\":\"https:\\\/\\\/www.anplagd.de\\\/wp-content\\\/uploads\\\/2022\\\/11\\\/anplagd-logo.png\",\"width\":399,\"height\":222,\"caption\":\"anplagd\"},\"image\":{\"@id\":\"https:\\\/\\\/www.anplagd.de\\\/#\\\/schema\\\/logo\\\/image\\\/\"}}]}<\/script>\n<!-- \/ Yoast SEO plugin. -->","yoast_head_json":{"title":"Termine - anplagd","robots":{"index":"index","follow":"follow","max-snippet":"max-snippet:-1","max-image-preview":"max-image-preview:large","max-video-preview":"max-video-preview:-1"},"canonical":"https:\/\/www.anplagd.de\/index.php\/anplagd-termine\/","og_locale":"de_DE","og_type":"article","og_title":"Termine - anplagd","og_description":"Datum Venue \/ Event Ort 25.04. Musikantenbuckel Freinsheim 01.05. Saisoner\u00f6ffnung Musikantenbuckel Freinsheim 31.05. Burg Rheingrafenstein Bad Kreuznach 05.06. Strohhutfest Frankenthal 06.06. Privat 13.06. Kulturhalle Volxheim 18.06. Privat 20.06. 1255 Jahr-Feier Quirnheim 10.07. Weingut Ben\u00df Bockenheim 15.08. Sommerfest Hayn S\u00fcd-Harz 05.09. Kerwe Lorsch 11.09. Weingut Weegm\u00fcller Neustadt-Haardt 12.09. Kerwe Lampertheim 13.09. Kerwe Lampertheim 04.10. Kerwe Quirnheim [&hellip;]","og_url":"https:\/\/www.anplagd.de\/index.php\/anplagd-termine\/","og_site_name":"anplagd","article_modified_time":"2026-05-06T15:02:53+00:00","twitter_card":"summary_large_image","twitter_misc":{"Gesch\u00e4tzte Lesezeit":"1\u00a0Minute"},"schema":{"@context":"https:\/\/schema.org","@graph":[{"@type":"WebPage","@id":"https:\/\/www.anplagd.de\/index.php\/anplagd-termine\/","url":"https:\/\/www.anplagd.de\/index.php\/anplagd-termine\/","name":"Termine - anplagd","isPartOf":{"@id":"https:\/\/www.anplagd.de\/#website"},"datePublished":"2023-07-24T08:41:49+00:00","dateModified":"2026-05-06T15:02:53+00:00","breadcrumb":{"@id":"https:\/\/www.anplagd.de\/index.php\/anplagd-termine\/#breadcrumb"},"inLanguage":"de","potentialAction":[{"@type":"ReadAction","target":["https:\/\/www.anplagd.de\/index.php\/anplagd-termine\/"]}]},{"@type":"BreadcrumbList","@id":"https:\/\/www.anplagd.de\/index.php\/anplagd-termine\/#breadcrumb","itemListElement":[{"@type":"ListItem","position":1,"name":"Startseite","item":"https:\/\/www.anplagd.de\/"},{"@type":"ListItem","position":2,"name":"Termine"}]},{"@type":"WebSite","@id":"https:\/\/www.anplagd.de\/#website","url":"https:\/\/www.anplagd.de\/","name":"anplagd","description":"live und gnadenlos","publisher":{"@id":"https:\/\/www.anplagd.de\/#organization"},"potentialAction":[{"@type":"SearchAction","target":{"@type":"EntryPoint","urlTemplate":"https:\/\/www.anplagd.de\/?s={search_term_string}"},"query-input":{"@type":"PropertyValueSpecification","valueRequired":true,"valueName":"search_term_string"}}],"inLanguage":"de"},{"@type":"Organization","@id":"https:\/\/www.anplagd.de\/#organization","name":"anplagd","url":"https:\/\/www.anplagd.de\/","logo":{"@type":"ImageObject","inLanguage":"de","@id":"https:\/\/www.anplagd.de\/#\/schema\/logo\/image\/","url":"https:\/\/www.anplagd.de\/wp-content\/uploads\/2022\/11\/anplagd-logo.png","contentUrl":"https:\/\/www.anplagd.de\/wp-content\/uploads\/2022\/11\/anplagd-logo.png","width":399,"height":222,"caption":"anplagd"},"image":{"@id":"https:\/\/www.anplagd.de\/#\/schema\/logo\/image\/"}}]}},"_links":{"self":[{"href":"https:\/\/www.anplagd.de\/index.php\/wp-json\/wp\/v2\/pages\/17","targetHints":{"allow":["GET"]}}],"collection":[{"href":"https:\/\/www.anplagd.de\/index.php\/wp-json\/wp\/v2\/pages"}],"about":[{"href":"https:\/\/www.anplagd.de\/index.php\/wp-json\/wp\/v2\/types\/page"}],"author":[{"embeddable":true,"href":"https:\/\/www.anplagd.de\/index.php\/wp-json\/wp\/v2\/users\/1"}],"replies":[{"embeddable":true,"href":"https:\/\/www.anplagd.de\/index.php\/wp-json\/wp\/v2\/comments?post=17"}],"version-history":[{"count":26,"href":"https:\/\/www.anplagd.de\/index.php\/wp-json\/wp\/v2\/pages\/17\/revisions"}],"predecessor-version":[{"id":89,"href":"https:\/\/www.anplagd.de\/index.php\/wp-json\/wp\/v2\/pages\/17\/revisions\/89"}],"wp:attachment":[{"href":"https:\/\/www.anplagd.de\/index.php\/wp-json\/wp\/v2\/media?parent=17"}],"curies":[{"name":"wp","href":"https:\/\/api.w.org\/{rel}","templated":true}]}}